{"id":470,"date":"2020-10-07T15:57:05","date_gmt":"2020-10-07T15:57:05","guid":{"rendered":"https:\/\/www.digital7seven.com\/?page_id=470"},"modified":"2020-10-07T17:15:53","modified_gmt":"2020-10-07T17:15:53","slug":"nuestros-servicios-rotulacion-vehicular-hacemos-lucir-tu-imagen","status":"publish","type":"page","link":"https:\/\/www.digital7seven.com\/index.php\/nuestros-servicios-rotulacion-vehicular-hacemos-lucir-tu-imagen\/","title":{"rendered":"NUESTROS SERVICIOS ROTULACI\u00d3N VEHICULAR, HACEMOS LUCIR TU IMAGEN"},"content":{"rendered":"\t\t<div data-elementor-type=\"wp-page\" data-elementor-id=\"470\" class=\"elementor elementor-470\" data-elementor-settings=\"[]\">\n\t\t\t\t\t\t<div class=\"elementor-inner\">\n\t\t\t\t\t\t\t<div class=\"elementor-section-wrap\">\n\t\t\t\t\t\t\t<section class=\"elementor-section elementor-top-section elementor-element elementor-element-f697203 elementor-section-boxed elementor-section-height-default elementor-section-height-default\" data-id=\"f697203\" data-element_type=\"section\">\n\t\t\t\t\t\t<div class=\"elementor-container elementor-column-gap-default\">\n\t\t\t\t\t\t\t<div class=\"elementor-row\">\n\t\t\t\t\t<div class=\"elementor-column elementor-col-100 elementor-top-column elementor-element elementor-element-867c63e\" data-id=\"867c63e\" data-element_type=\"column\">\n\t\t\t<div class=\"elementor-column-wrap elementor-element-populated\">\n\t\t\t\t\t\t\t<div class=\"elementor-widget-wrap\">\n\t\t\t\t\t\t<div class=\"elementor-element elementor-element-0f27a64 elementor-widget elementor-widget-heading\" data-id=\"0f27a64\" data-element_type=\"widget\" data-widget_type=\"heading.default\">\n\t\t\t\t<div class=\"elementor-widget-container\">\n\t\t\t<h2 class=\"elementor-heading-title elementor-size-xl\">ROTULACI\u00d3N VEHICULAR, HACEMOS LUCIR TU IMAGEN<\/h2>\t\t<\/div>\n\t\t\t\t<\/div>\n\t\t\t\t\t\t<\/div>\n\t\t\t\t\t<\/div>\n\t\t<\/div>\n\t\t\t\t\t\t\t\t<\/div>\n\t\t\t\t\t<\/div>\n\t\t<\/section>\n\t\t\t\t<section class=\"elementor-section elementor-top-section elementor-element elementor-element-97d8512 elementor-section-full_width elementor-section-height-default elementor-section-height-default\" data-id=\"97d8512\" data-element_type=\"section\">\n\t\t\t\t\t\t<div class=\"elementor-container elementor-column-gap-default\">\n\t\t\t\t\t\t\t<div class=\"elementor-row\">\n\t\t\t\t\t<div class=\"elementor-column elementor-col-100 elementor-top-column elementor-element elementor-element-3e31aac\" data-id=\"3e31aac\" data-element_type=\"column\">\n\t\t\t<div class=\"elementor-column-wrap elementor-element-populated\">\n\t\t\t\t\t\t\t<div class=\"elementor-widget-wrap\">\n\t\t\t\t\t\t<div class=\"elementor-element elementor-element-12ff4eb elementor-arrows-position-inside elementor-pagination-position-outside elementor-widget elementor-widget-image-carousel\" data-id=\"12ff4eb\" data-element_type=\"widget\" data-settings=\"{&quot;slides_to_show&quot;:&quot;1&quot;,&quot;navigation&quot;:&quot;both&quot;,&quot;autoplay&quot;:&quot;yes&quot;,&quot;pause_on_hover&quot;:&quot;yes&quot;,&quot;pause_on_interaction&quot;:&quot;yes&quot;,&quot;autoplay_speed&quot;:5000,&quot;infinite&quot;:&quot;yes&quot;,&quot;effect&quot;:&quot;slide&quot;,&quot;speed&quot;:500}\" data-widget_type=\"image-carousel.default\">\n\t\t\t\t<div class=\"elementor-widget-container\">\n\t\t\t\t\t<div class=\"elementor-image-carousel-wrapper swiper-container\" dir=\"ltr\">\n\t\t\t<div class=\"elementor-image-carousel swiper-wrapper swiper-image-stretch\">\n\t\t\t\t<div class=\"swiper-slide\"><figure class=\"swiper-slide-inner\"><img decoding=\"async\" class=\"swiper-slide-image\" src=\"https:\/\/www.digital7seven.com\/wp-content\/uploads\/2020\/10\/Carrusel-ROTULACIO\u0301N-VEHICULAR-HACEMOS-LUCIR-TU-IMAGEN-1.png\" alt=\"Carrusel ROTULACIO\u0301N VEHICULAR, HACEMOS LUCIR TU IMAGEN 1\" \/><\/figure><\/div><div class=\"swiper-slide\"><figure class=\"swiper-slide-inner\"><img decoding=\"async\" class=\"swiper-slide-image\" src=\"https:\/\/www.digital7seven.com\/wp-content\/uploads\/2020\/10\/Carrusel-ROTULACIO\u0301N-VEHICULAR-HACEMOS-LUCIR-TU-IMAGEN-2.png\" alt=\"Carrusel ROTULACIO\u0301N VEHICULAR, HACEMOS LUCIR TU IMAGEN 2\" \/><\/figure><\/div><div class=\"swiper-slide\"><figure class=\"swiper-slide-inner\"><img decoding=\"async\" class=\"swiper-slide-image\" src=\"https:\/\/www.digital7seven.com\/wp-content\/uploads\/2020\/10\/Carrusel-ROTULACIO\u0301N-VEHICULAR-HACEMOS-LUCIR-TU-IMAGEN-3.png\" alt=\"Carrusel ROTULACIO\u0301N VEHICULAR, HACEMOS LUCIR TU IMAGEN 3\" \/><\/figure><\/div><div class=\"swiper-slide\"><figure class=\"swiper-slide-inner\"><img decoding=\"async\" class=\"swiper-slide-image\" src=\"https:\/\/www.digital7seven.com\/wp-content\/uploads\/2020\/10\/Carrusel-ROTULACIO\u0301N-VEHICULAR-HACEMOS-LUCIR-TU-IMAGEN-4.png\" alt=\"Carrusel ROTULACIO\u0301N VEHICULAR, HACEMOS LUCIR TU IMAGEN 4\" \/><\/figure><\/div>\t\t\t<\/div>\n\t\t\t\t\t\t\t\t\t\t\t\t<div class=\"swiper-pagination\"><\/div>\n\t\t\t\t\t\t\t\t\t\t\t\t\t<div class=\"elementor-swiper-button elementor-swiper-button-prev\">\n\t\t\t\t\t\t<i class=\"eicon-chevron-left\" aria-hidden=\"true\"><\/i>\n\t\t\t\t\t\t<span class=\"elementor-screen-only\">Anterior<\/span>\n\t\t\t\t\t<\/div>\n\t\t\t\t\t<div class=\"elementor-swiper-button elementor-swiper-button-next\">\n\t\t\t\t\t\t<i class=\"eicon-chevron-right\" aria-hidden=\"true\"><\/i>\n\t\t\t\t\t\t<span class=\"elementor-screen-only\">Siguiente<\/span>\n\t\t\t\t\t<\/div>\n\t\t\t\t\t\t\t\t\t<\/div>\n\t\t\t\t<\/div>\n\t\t\t\t<\/div>\n\t\t\t\t\t\t<\/div>\n\t\t\t\t\t<\/div>\n\t\t<\/div>\n\t\t\t\t\t\t\t\t<\/div>\n\t\t\t\t\t<\/div>\n\t\t<\/section>\n\t\t\t\t<section class=\"elementor-section elementor-top-section elementor-element elementor-element-6d085bf elementor-section-boxed elementor-section-height-default elementor-section-height-default\" data-id=\"6d085bf\" data-element_type=\"section\">\n\t\t\t\t\t\t<div class=\"elementor-container elementor-column-gap-default\">\n\t\t\t\t\t\t\t<div class=\"elementor-row\">\n\t\t\t\t\t<div class=\"elementor-column elementor-col-50 elementor-top-column elementor-element elementor-element-6d39efe\" data-id=\"6d39efe\" data-element_type=\"column\">\n\t\t\t<div class=\"elementor-column-wrap elementor-element-populated\">\n\t\t\t\t\t\t\t<div class=\"elementor-widget-wrap\">\n\t\t\t\t\t\t<div class=\"elementor-element elementor-element-9b57053 elementor-widget elementor-widget-image\" data-id=\"9b57053\" data-element_type=\"widget\" data-widget_type=\"image.default\">\n\t\t\t\t<div class=\"elementor-widget-container\">\n\t\t\t\t\t<div class=\"elementor-image\">\n\t\t\t\t\t\t\t\t\t\t<img loading=\"lazy\" decoding=\"async\" width=\"840\" height=\"504\" src=\"https:\/\/www.digital7seven.com\/wp-content\/uploads\/2020\/10\/Rotulacion2-1024x614.png\" class=\"attachment-large size-large\" alt=\"\" srcset=\"https:\/\/www.digital7seven.com\/wp-content\/uploads\/2020\/10\/Rotulacion2-1024x614.png 1024w, https:\/\/www.digital7seven.com\/wp-content\/uploads\/2020\/10\/Rotulacion2-300x180.png 300w, https:\/\/www.digital7seven.com\/wp-content\/uploads\/2020\/10\/Rotulacion2-768x461.png 768w, https:\/\/www.digital7seven.com\/wp-content\/uploads\/2020\/10\/Rotulacion2.png 1134w\" sizes=\"(max-width: 709px) 85vw, (max-width: 909px) 67vw, (max-width: 1362px) 62vw, 840px\" \/>\t\t\t\t\t\t\t\t\t\t\t<\/div>\n\t\t\t\t<\/div>\n\t\t\t\t<\/div>\n\t\t\t\t\t\t<\/div>\n\t\t\t\t\t<\/div>\n\t\t<\/div>\n\t\t\t\t<div class=\"elementor-column elementor-col-50 elementor-top-column elementor-element elementor-element-05c17c6\" data-id=\"05c17c6\" data-element_type=\"column\">\n\t\t\t<div class=\"elementor-column-wrap elementor-element-populated\">\n\t\t\t\t\t\t\t<div class=\"elementor-widget-wrap\">\n\t\t\t\t\t\t<div class=\"elementor-element elementor-element-dade30e elementor-widget elementor-widget-heading\" data-id=\"dade30e\" data-element_type=\"widget\" data-widget_type=\"heading.default\">\n\t\t\t\t<div class=\"elementor-widget-container\">\n\t\t\t<h2 class=\"elementor-heading-title elementor-size-large\">ROTULACI\u00d3N VEHICULAR<\/h2>\t\t<\/div>\n\t\t\t\t<\/div>\n\t\t\t\t<div class=\"elementor-element elementor-element-a81e1ff elementor-widget elementor-widget-heading\" data-id=\"a81e1ff\" data-element_type=\"widget\" data-widget_type=\"heading.default\">\n\t\t\t\t<div class=\"elementor-widget-container\">\n\t\t\t<h2 class=\"elementor-heading-title elementor-size-medium\">Utilizamos viniles profesionales de cubierta para veh\u00edculos, asi como adhesivos preso sencibles las cuales liberan burbujas gracias a la tecnolog\u00eda X-Scape, proporcionan excelente opacidad, facil instalaci\u00f3n y se moldean al rededor de remaches, curvas y contornos.\nValuados para alta durabilidad en exteriores e impresi\u00f3n gran formato, compatibles con sobrelaminados de alta resistencia.<\/h2>\t\t<\/div>\n\t\t\t\t<\/div>\n\t\t\t\t\t\t<\/div>\n\t\t\t\t\t<\/div>\n\t\t<\/div>\n\t\t\t\t\t\t\t\t<\/div>\n\t\t\t\t\t<\/div>\n\t\t<\/section>\n\t\t\t\t<section class=\"elementor-section elementor-top-section elementor-element elementor-element-b66a6b3 elementor-section-boxed elementor-section-height-default elementor-section-height-default\" data-id=\"b66a6b3\" data-element_type=\"section\">\n\t\t\t\t\t\t<div class=\"elementor-container elementor-column-gap-default\">\n\t\t\t\t\t\t\t<div class=\"elementor-row\">\n\t\t\t\t\t<div class=\"elementor-column elementor-col-100 elementor-top-column elementor-element elementor-element-0d57809\" data-id=\"0d57809\" data-element_type=\"column\">\n\t\t\t<div class=\"elementor-column-wrap elementor-element-populated\">\n\t\t\t\t\t\t\t<div class=\"elementor-widget-wrap\">\n\t\t\t\t\t\t<div class=\"elementor-element elementor-element-ff27235 elementor-widget elementor-widget-spacer\" data-id=\"ff27235\" data-element_type=\"widget\" data-widget_type=\"spacer.default\">\n\t\t\t\t<div class=\"elementor-widget-container\">\n\t\t\t\t\t<div class=\"elementor-spacer\">\n\t\t\t<div class=\"elementor-spacer-inner\"><\/div>\n\t\t<\/div>\n\t\t\t\t<\/div>\n\t\t\t\t<\/div>\n\t\t\t\t\t\t<\/div>\n\t\t\t\t\t<\/div>\n\t\t<\/div>\n\t\t\t\t\t\t\t\t<\/div>\n\t\t\t\t\t<\/div>\n\t\t<\/section>\n\t\t\t\t\t\t<\/div>\n\t\t\t\t\t\t<\/div>\n\t\t\t\t\t<\/div>\n\t\t","protected":false},"excerpt":{"rendered":"<p>ROTULACI\u00d3N VEHICULAR, HACEMOS LUCIR TU IMAGEN Anterior Siguiente ROTULACI\u00d3N VEHICULAR Utilizamos viniles profesionales de cubierta para veh\u00edculos, asi como adhesivos preso sencibles las cuales liberan burbujas gracias a la tecnolog\u00eda X-Scape, proporcionan excelente opacidad, facil instalaci\u00f3n y se moldean al rededor de remaches, curvas y contornos. Valuados para alta durabilidad en exteriores e impresi\u00f3n gran &hellip; <a href=\"https:\/\/www.digital7seven.com\/index.php\/nuestros-servicios-rotulacion-vehicular-hacemos-lucir-tu-imagen\/\" class=\"more-link\">Continuar leyendo<span class=\"screen-reader-text\"> \u00abNUESTROS SERVICIOS ROTULACI\u00d3N VEHICULAR, HACEMOS LUCIR TU IMAGEN\u00bb<\/span><\/a><\/p>\n","protected":false},"author":1,"featured_media":0,"parent":0,"menu_order":0,"comment_status":"closed","ping_status":"closed","template":"elementor_canvas","meta":{"footnotes":""},"_links":{"self":[{"href":"https:\/\/www.digital7seven.com\/index.php\/wp-json\/wp\/v2\/pages\/470"}],"collection":[{"href":"https:\/\/www.digital7seven.com\/index.php\/wp-json\/wp\/v2\/pages"}],"about":[{"href":"https:\/\/www.digital7seven.com\/index.php\/wp-json\/wp\/v2\/types\/page"}],"author":[{"embeddable":true,"href":"https:\/\/www.digital7seven.com\/index.php\/wp-json\/wp\/v2\/users\/1"}],"replies":[{"embeddable":true,"href":"https:\/\/www.digital7seven.com\/index.php\/wp-json\/wp\/v2\/comments?post=470"}],"version-history":[{"count":5,"href":"https:\/\/www.digital7seven.com\/index.php\/wp-json\/wp\/v2\/pages\/470\/revisions"}],"predecessor-version":[{"id":484,"href":"https:\/\/www.digital7seven.com\/index.php\/wp-json\/wp\/v2\/pages\/470\/revisions\/484"}],"wp:attachment":[{"href":"https:\/\/www.digital7seven.com\/index.php\/wp-json\/wp\/v2\/media?parent=470"}],"curies":[{"name":"wp","href":"https:\/\/api.w.org\/{rel}","templated":true}]}}